{"id":1183,"date":"2025-02-03T21:51:45","date_gmt":"2025-02-04T02:51:45","guid":{"rendered":"https:\/\/aviacionguayaquil.com\/?page_id=1183"},"modified":"2025-02-03T21:53:26","modified_gmt":"2025-02-04T02:53:26","slug":"politica-de-privacidad-terminos-y-condiciones","status":"publish","type":"page","link":"https:\/\/aviacionguayaquil.com\/index.php\/politica-de-privacidad-terminos-y-condiciones\/","title":{"rendered":"Pol\u00edtica de Privacidad &#8211; T\u00e9rminos y Condiciones"},"content":{"rendered":"<p style=\"text-align: justify;\"><span style=\"font-size: revert; color: initial;\">\u00daltima actualizaci\u00f3n: 4 de febrero de 2025<\/span><\/p>\n<p style=\"text-align: justify;\">Esta Pol\u00edtica de Privacidad describe nuestras pol\u00edticas y procedimientos respecto a la recopilaci\u00f3n, uso y divulgaci\u00f3n de su informaci\u00f3n cuando utiliza el Servicio, as\u00ed como sus derechos de privacidad y c\u00f3mo la ley lo protege.<\/p>\n<p style=\"text-align: justify;\">Utilizamos sus datos personales para proporcionar y mejorar el Servicio. Al utilizar el Servicio, usted acepta la recopilaci\u00f3n y el uso de informaci\u00f3n de acuerdo con esta Pol\u00edtica de Privacidad. Esta Pol\u00edtica de Privacidad ha sido creada con la ayuda del Generador de Pol\u00edticas de Privacidad.<\/p>\n<h2 style=\"text-align: justify;\">Interpretaci\u00f3n y Definiciones<\/h2>\n<h3 style=\"text-align: justify;\">Interpretaci\u00f3n<\/h3>\n<p style=\"text-align: justify;\">Las palabras cuya primera letra est\u00e1 en may\u00fascula tienen significados definidos bajo las siguientes condiciones. Las siguientes definiciones tendr\u00e1n el mismo significado independientemente de si aparecen en singular o en plural.<\/p>\n<h3 style=\"text-align: justify;\">Definiciones<\/h3>\n<p style=\"text-align: justify;\">A efectos de esta Pol\u00edtica de Privacidad:<\/p>\n<ul style=\"text-align: justify;\" data-spread=\"false\">\n<li><strong>Cuenta<\/strong>: significa una cuenta \u00fanica creada para que usted acceda a nuestro Servicio o a partes de nuestro Servicio.<\/li>\n<li><strong>Afiliado<\/strong>: significa una entidad que controla, es controlada por o est\u00e1 bajo el control com\u00fan con una parte, donde \u00abcontrol\u00bb significa la propiedad del 50% o m\u00e1s de las acciones, intereses de capital u otros valores con derecho a voto para la elecci\u00f3n de directores u otra autoridad de gesti\u00f3n.<\/li>\n<li><strong>Compa\u00f1\u00eda<\/strong> (referida como \u00abla Compa\u00f1\u00eda\u00bb, \u00abNosotros\u00bb, \u00abNos\u00bb o \u00abNuestro\u00bb en este Acuerdo) se refiere a Aviaci\u00f3n Guayaquil.<\/li>\n<li><strong>Cookies<\/strong>: son peque\u00f1os archivos que se colocan en su dispositivo (computadora, dispositivo m\u00f3vil u otro) por un sitio web, que contienen detalles de su historial de navegaci\u00f3n en ese sitio web, entre otros usos.<\/li>\n<li><strong>Pa\u00eds<\/strong>: se refiere a Ecuador.<\/li>\n<li><strong>Dispositivo<\/strong>: significa cualquier dispositivo que pueda acceder al Servicio, como una computadora, un tel\u00e9fono m\u00f3vil o una tableta digital.<\/li>\n<li><strong>Datos Personales<\/strong>: es cualquier informaci\u00f3n que se relacione con una persona identificada o identificable.<\/li>\n<li><strong>Servicio<\/strong>: se refiere al sitio web.<\/li>\n<li><strong>Proveedor de Servicios<\/strong>: significa cualquier persona f\u00edsica o jur\u00eddica que procesa los datos en nombre de la Compa\u00f1\u00eda. Se refiere a empresas de terceros o personas contratadas por la Compa\u00f1\u00eda para facilitar el Servicio, proporcionar el Servicio en nombre de la Compa\u00f1\u00eda, realizar servicios relacionados con el Servicio o ayudar a la Compa\u00f1\u00eda a analizar c\u00f3mo se utiliza el Servicio.<\/li>\n<li><strong>Servicio de Redes Sociales de Terceros<\/strong>: se refiere a cualquier sitio web o red social a trav\u00e9s de la cual un usuario puede iniciar sesi\u00f3n o crear una cuenta para utilizar el Servicio.<\/li>\n<li><strong>Datos de Uso<\/strong>: se refieren a datos recopilados autom\u00e1ticamente, ya sea generados por el uso del Servicio o desde la propia infraestructura del Servicio (por ejemplo, la duraci\u00f3n de una visita a una p\u00e1gina).<\/li>\n<li><strong>Sitio Web<\/strong>: se refiere a Aviaci\u00f3n Guayaquil, accesible desde <a>www.aviacionguayaquil.com<\/a>.<\/li>\n<li><strong>Usted<\/strong>: significa la persona f\u00edsica que accede o utiliza el Servicio, o la empresa u otra entidad jur\u00eddica en nombre de la cual dicha persona accede o utiliza el Servicio, seg\u00fan corresponda.<\/li>\n<\/ul>\n<h2 style=\"text-align: justify;\">Recopilaci\u00f3n y Uso de sus Datos Personales<\/h2>\n<h3 style=\"text-align: justify;\">Tipos de Datos Recopilados<\/h3>\n<h4 style=\"text-align: justify;\">Datos Personales<\/h4>\n<p style=\"text-align: justify;\">Al utilizar nuestro Servicio, podemos solicitarle que nos proporcione cierta informaci\u00f3n de identificaci\u00f3n personal que puede ser utilizada para contactarlo o identificarlo. La informaci\u00f3n de identificaci\u00f3n personal puede incluir, entre otros:<\/p>\n<ul style=\"text-align: justify;\" data-spread=\"false\">\n<li>Direcci\u00f3n de correo electr\u00f3nico<\/li>\n<li>Nombre y apellido<\/li>\n<li>Datos de Uso<\/li>\n<\/ul>\n<h4 style=\"text-align: justify;\">Datos de Uso<\/h4>\n<p style=\"text-align: justify;\">Los Datos de Uso se recopilan autom\u00e1ticamente cuando se utiliza el Servicio. Pueden incluir informaci\u00f3n como la direcci\u00f3n IP de su dispositivo, tipo de navegador, versi\u00f3n del navegador, las p\u00e1ginas de nuestro Servicio que visita, la fecha y hora de su visita, el tiempo dedicado a esas p\u00e1ginas, identificadores \u00fanicos de dispositivos y otros datos de diagn\u00f3stico.<\/p>\n<p style=\"text-align: justify;\">Cuando accede al Servicio mediante un dispositivo m\u00f3vil, podemos recopilar autom\u00e1ticamente cierta informaci\u00f3n, incluyendo, entre otros, el tipo de dispositivo m\u00f3vil que utiliza, su ID \u00fanico de dispositivo, la direcci\u00f3n IP de su dispositivo m\u00f3vil, su sistema operativo m\u00f3vil, el tipo de navegador de Internet m\u00f3vil que utiliza, identificadores \u00fanicos de dispositivos y otros datos de diagn\u00f3stico.<\/p>\n<p style=\"text-align: justify;\">Tambi\u00e9n podemos recopilar informaci\u00f3n que su navegador env\u00eda cuando visita nuestro Servicio o cuando accede al Servicio a trav\u00e9s de un dispositivo m\u00f3vil.<\/p>\n<h3 style=\"text-align: justify;\">Informaci\u00f3n de Servicios de Redes Sociales de Terceros<\/h3>\n<p style=\"text-align: justify;\">La Compa\u00f1\u00eda le permite crear una cuenta e iniciar sesi\u00f3n para utilizar el Servicio a trav\u00e9s de los siguientes Servicios de Redes Sociales de Terceros:<\/p>\n<ul style=\"text-align: justify;\" data-spread=\"false\">\n<li>Google<\/li>\n<li>Facebook<\/li>\n<li>Instagram<\/li>\n<li>Twitter<\/li>\n<li>LinkedIn<\/li>\n<\/ul>\n<p style=\"text-align: justify;\">Si decide registrarse a trav\u00e9s de un Servicio de Redes Sociales de Terceros o nos otorga acceso a dicho servicio, podemos recopilar datos personales que ya est\u00e9n asociados con la cuenta de ese servicio, como su nombre, direcci\u00f3n de correo electr\u00f3nico, actividades o lista de contactos.<\/p>\n<p style=\"text-align: justify;\">Tambi\u00e9n puede tener la opci\u00f3n de compartir informaci\u00f3n adicional con la Compa\u00f1\u00eda a trav\u00e9s de su cuenta de Servicio de Redes Sociales de Terceros. Si elige proporcionar dicha informaci\u00f3n y Datos Personales, est\u00e1 otorgando permiso a la Compa\u00f1\u00eda para utilizar, compartir y almacenarlos de manera coherente con esta Pol\u00edtica de Privacidad.<\/p>\n<h3 style=\"text-align: justify;\">Tecnolog\u00edas de Seguimiento y Cookies<\/h3>\n<p style=\"text-align: justify;\">Usamos Cookies y tecnolog\u00edas de seguimiento similares para rastrear la actividad en nuestro Servicio y almacenar cierta informaci\u00f3n. Las tecnolog\u00edas utilizadas incluyen balizas web, etiquetas y scripts para recopilar y rastrear informaci\u00f3n, as\u00ed como para mejorar y analizar nuestro Servicio.<\/p>\n<p style=\"text-align: justify;\">Las Cookies pueden ser \u00abPersistentes\u00bb o \u00abDe Sesi\u00f3n\u00bb. Las Cookies Persistentes permanecen en su computadora o dispositivo m\u00f3vil cuando se desconecta, mientras que las Cookies de Sesi\u00f3n se eliminan tan pronto como cierra su navegador web. Puede obtener m\u00e1s informaci\u00f3n sobre las cookies en el art\u00edculo de Pol\u00edticas de Privacidad del sitio web.<\/p>\n<h3 style=\"text-align: justify;\">Uso de sus Datos Personales<\/h3>\n<p style=\"text-align: justify;\">La Compa\u00f1\u00eda puede utilizar los Datos Personales para los siguientes prop\u00f3sitos:<\/p>\n<ul style=\"text-align: justify;\" data-spread=\"false\">\n<li><strong>Para proporcionar y mantener nuestro Servicio<\/strong>, incluyendo el monitoreo del uso de nuestro Servicio.<\/li>\n<li><strong>Para gestionar su Cuenta<\/strong>, permiti\u00e9ndole acceder a funcionalidades exclusivas para usuarios registrados.<\/li>\n<li><strong>Para la ejecuci\u00f3n de un contrato<\/strong>, incluido el cumplimiento de contratos de compra de productos o servicios adquiridos a trav\u00e9s del Servicio.<\/li>\n<li><strong>Para contactarlo<\/strong>, por correo electr\u00f3nico, llamadas telef\u00f3nicas, SMS u otros medios electr\u00f3nicos, en relaci\u00f3n con actualizaciones, servicios contratados y medidas de seguridad.<\/li>\n<li><strong>Para enviarle noticias, ofertas especiales e informaci\u00f3n sobre productos y servicios similares a los que ha adquirido, salvo que haya optado por no recibir dicha informaci\u00f3n.<\/strong><\/li>\n<li><strong>Para gestionar sus solicitudes y atender consultas.<\/strong><\/li>\n<li><strong>Para transferencias comerciales<\/strong>, en caso de fusi\u00f3n, venta de activos, financiamiento o adquisici\u00f3n de la Compa\u00f1\u00eda.<\/li>\n<\/ul>\n<h3 style=\"text-align: justify;\">Seguridad de sus Datos Personales<\/h3>\n<p style=\"text-align: justify;\">La seguridad de sus Datos Personales es importante para Nosotros, pero recuerde que ning\u00fan m\u00e9todo de transmisi\u00f3n por Internet o almacenamiento electr\u00f3nico es 100% seguro. Si bien nos esforzamos por utilizar medios comercialmente aceptables para proteger sus Datos Personales, no podemos garantizar su seguridad absoluta.<\/p>\n<div style=\"text-align: justify;\">\n<hr \/>\n<\/div>\n<p style=\"text-align: justify;\">Si tiene alguna pregunta sobre esta Pol\u00edtica de Privacidad, puede contactarnos a trav\u00e9s del correo electr\u00f3nico: <a>aviacionguayaquil21@gmail.com<\/a>.<\/p>\n<p>https:\/\/www.privacypolicies.com\/live\/fde8aca0-6e1a-4b61-b89e-919c447b3f26<\/p>\n","protected":false},"excerpt":{"rendered":"<p>\u00daltima actualizaci\u00f3n: 4 de febrero de 2025 Esta Pol\u00edtica de Privacidad describe nuestras pol\u00edticas y procedimientos respecto a la recopilaci\u00f3n, uso y divulgaci\u00f3n de su informaci\u00f3n cuando utiliza el Servicio, as\u00ed como sus derechos de privacidad y c\u00f3mo la ley lo protege. Utilizamos sus datos personales para proporcionar y mejorar el Servicio. Al utilizar el [&hellip;]<\/p>\n","protected":false},"author":1,"featured_media":0,"parent":0,"menu_order":0,"comment_status":"closed","ping_status":"closed","template":"","meta":{"om_disable_all_campaigns":false,"_monsterinsights_skip_tracking":false,"_monsterinsights_sitenote_active":false,"_monsterinsights_sitenote_note":"","_monsterinsights_sitenote_category":0,"_uf_show_specific_survey":0,"_uf_disable_surveys":false,"footnotes":""},"class_list":["post-1183","page","type-page","status-publish","hentry"],"_links":{"self":[{"href":"https:\/\/aviacionguayaquil.com\/index.php\/wp-json\/wp\/v2\/pages\/1183","targetHints":{"allow":["GET"]}}],"collection":[{"href":"https:\/\/aviacionguayaquil.com\/index.php\/wp-json\/wp\/v2\/pages"}],"about":[{"href":"https:\/\/aviacionguayaquil.com\/index.php\/wp-json\/wp\/v2\/types\/page"}],"author":[{"embeddable":true,"href":"https:\/\/aviacionguayaquil.com\/index.php\/wp-json\/wp\/v2\/users\/1"}],"replies":[{"embeddable":true,"href":"https:\/\/aviacionguayaquil.com\/index.php\/wp-json\/wp\/v2\/comments?post=1183"}],"version-history":[{"count":2,"href":"https:\/\/aviacionguayaquil.com\/index.php\/wp-json\/wp\/v2\/pages\/1183\/revisions"}],"predecessor-version":[{"id":1187,"href":"https:\/\/aviacionguayaquil.com\/index.php\/wp-json\/wp\/v2\/pages\/1183\/revisions\/1187"}],"wp:attachment":[{"href":"https:\/\/aviacionguayaquil.com\/index.php\/wp-json\/wp\/v2\/media?parent=1183"}],"curies":[{"name":"wp","href":"https:\/\/api.w.org\/{rel}","templated":true}]}}